{"id":2,"date":"2022-07-27T19:57:17","date_gmt":"2022-07-27T22:57:17","guid":{"rendered":"https:\/\/femasantarosa.edu.br\/revista\/?page_id=2"},"modified":"2025-01-07T17:15:36","modified_gmt":"2025-01-07T20:15:36","slug":"pagina-exemplo","status":"publish","type":"page","link":"https:\/\/femasantarosa.edu.br\/revista\/index.php\/pagina-exemplo\/","title":{"rendered":"EDI\u00c7\u00d5ES ANTERIORES"},"content":{"rendered":"\n<p><\/p>\n\n\n\n<figure class=\"wp-block-image size-large\"><img loading=\"lazy\" width=\"724\" height=\"1024\" src=\"https:\/\/femasantarosa.edu.br\/revista\/wp-content\/uploads\/2022\/09\/Revista-2021-capa-01-724x1024.jpg\" alt=\"\" class=\"wp-image-224\" srcset=\"https:\/\/femasantarosa.edu.br\/revista\/wp-content\/uploads\/2022\/09\/Revista-2021-capa-01-724x1024.jpg 724w, https:\/\/femasantarosa.edu.br\/revista\/wp-content\/uploads\/2022\/09\/Revista-2021-capa-01-212x300.jpg 212w, https:\/\/femasantarosa.edu.br\/revista\/wp-content\/uploads\/2022\/09\/Revista-2021-capa-01-768x1086.jpg 768w, https:\/\/femasantarosa.edu.br\/revista\/wp-content\/uploads\/2022\/09\/Revista-2021-capa-01-1086x1536.jpg 1086w, https:\/\/femasantarosa.edu.br\/revista\/wp-content\/uploads\/2022\/09\/Revista-2021-capa-01-1448x2048.jpg 1448w, https:\/\/femasantarosa.edu.br\/revista\/wp-content\/uploads\/2022\/09\/Revista-2021-capa-01-1200x1697.jpg 1200w, https:\/\/femasantarosa.edu.br\/revista\/wp-content\/uploads\/2022\/09\/Revista-2021-capa-01-1980x2800.jpg 1980w, https:\/\/femasantarosa.edu.br\/revista\/wp-content\/uploads\/2022\/09\/Revista-2021-capa-01-scaled.jpg 1811w\" sizes=\"(max-width: 724px) 100vw, 724px\" \/><\/figure>\n\n\n\n<p>As Faculdades Integradas Machado de Assis apresentam a Revista Cient\u00edfica Interdisciplinar dos Cursos de Administra\u00e7\u00e3o, Ci\u00eancias Cont\u00e1beis, Direito e Enfermagem vinculada ao N\u00facleo de Pesquisa, P\u00f3s-Gradua\u00e7\u00e3o e Extens\u00e3o \u2013 NPPGE. A presente revista apresenta oito artigos cient\u00edficos, aprovados pelo Corpo Editorial, composto pelo N\u00facleo Docente Estruturante do Curso de Administra\u00e7\u00e3o, Ci\u00eancias Cont\u00e1beis, Direito e Enfermagem. Os artigos cient\u00edficos publicados, acerca de temas relacionados \u00e0s Ci\u00eancias Sociais Aplicadas, Ci\u00eancias Humanas e Sa\u00fade orientados por professores da \u00e1rea, fortalecem a efetiva produ\u00e7\u00e3o cient\u00edfica dos acad\u00eamicos da FEMA. Dessa maneira, a Revista Cient\u00edfica Interdisciplinar materializa a intertextualidade e a interdisciplinaridade, privilegiando o desenvolvimento regional sustent\u00e1vel, a educa\u00e7\u00e3o e as pol\u00edticas sociais, a gest\u00e3o e o desenvolvimento de pessoas, a gest\u00e3o e o desenvolvimento de organiza\u00e7\u00f5es, al\u00e9m da gest\u00e3o da tecnologia da informa\u00e7\u00e3o e da inova\u00e7\u00e3o tecnol\u00f3gica.<\/p>\n\n\n\n<p>Volume dispon\u00edvel ? <\/p>\n\n\n\n<div class=\"wp-block-file\"><object class=\"wp-block-file__embed\" data=\"https:\/\/femasantarosa.edu.br\/revista\/wp-content\/uploads\/2022\/09\/Revista-2021-1.pdf\" type=\"application\/pdf\" style=\"width:100%;height:600px\" aria-label=\"Incorporado de Revista-2021-1.\"><\/object><a id=\"wp-block-file--media-2c3552aa-e42f-4887-a754-9b6aa7b03718\" href=\"https:\/\/femasantarosa.edu.br\/revista\/wp-content\/uploads\/2022\/09\/Revista-2021-1.pdf\">Revista-2021-1<\/a><a href=\"https:\/\/femasantarosa.edu.br\/revista\/wp-content\/uploads\/2022\/09\/Revista-2021-1.pdf\" class=\"wp-block-file__button\" download aria-describedby=\"wp-block-file--media-2c3552aa-e42f-4887-a754-9b6aa7b03718\">Baixar<\/a><\/div>\n\n\n\n<figure class=\"wp-block-image size-large\"><img loading=\"lazy\" width=\"724\" height=\"1024\" src=\"https:\/\/femasantarosa.edu.br\/revista\/wp-content\/uploads\/2022\/09\/Revista-2020-capa-01-724x1024.jpg\" alt=\"\" class=\"wp-image-226\" srcset=\"https:\/\/femasantarosa.edu.br\/revista\/wp-content\/uploads\/2022\/09\/Revista-2020-capa-01-724x1024.jpg 724w, https:\/\/femasantarosa.edu.br\/revista\/wp-content\/uploads\/2022\/09\/Revista-2020-capa-01-212x300.jpg 212w, https:\/\/femasantarosa.edu.br\/revista\/wp-content\/uploads\/2022\/09\/Revista-2020-capa-01-768x1086.jpg 768w, https:\/\/femasantarosa.edu.br\/revista\/wp-content\/uploads\/2022\/09\/Revista-2020-capa-01-1086x1536.jpg 1086w, https:\/\/femasantarosa.edu.br\/revista\/wp-content\/uploads\/2022\/09\/Revista-2020-capa-01-1448x2048.jpg 1448w, https:\/\/femasantarosa.edu.br\/revista\/wp-content\/uploads\/2022\/09\/Revista-2020-capa-01-1200x1697.jpg 1200w, https:\/\/femasantarosa.edu.br\/revista\/wp-content\/uploads\/2022\/09\/Revista-2020-capa-01-1980x2800.jpg 1980w, https:\/\/femasantarosa.edu.br\/revista\/wp-content\/uploads\/2022\/09\/Revista-2020-capa-01-scaled.jpg 1811w\" sizes=\"(max-width: 724px) 100vw, 724px\" \/><\/figure>\n\n\n\n<p><\/p>\n\n\n\n<p><\/p>\n\n\n\n<p>Volume dispon\u00edvel ? <\/p>\n\n\n\n<div class=\"wp-block-file\"><object class=\"wp-block-file__embed\" data=\"https:\/\/femasantarosa.edu.br\/revista\/wp-content\/uploads\/2022\/09\/Revista-2020-1.pdf\" type=\"application\/pdf\" style=\"width:100%;height:600px\" aria-label=\"Incorporado de Revista-2020-1.\"><\/object><a id=\"wp-block-file--media-2c3552aa-e42f-4887-a754-9b6aa7b03718\" href=\"https:\/\/femasantarosa.edu.br\/revista\/wp-content\/uploads\/2022\/09\/Revista-2020-1.pdf\">Revista-2020-1<\/a><a href=\"https:\/\/femasantarosa.edu.br\/revista\/wp-content\/uploads\/2022\/09\/Revista-2020-1.pdf\" class=\"wp-block-file__button\" download aria-describedby=\"wp-block-file--media-2c3552aa-e42f-4887-a754-9b6aa7b03718\">Baixar<\/a><\/div>\n","protected":false},"excerpt":{"rendered":"<p>As Faculdades Integradas Machado de Assis apresentam a Revista Cient\u00edfica Interdisciplinar dos Cursos de Administra\u00e7\u00e3o, Ci\u00eancias Cont\u00e1beis, Direito e Enfermagem vinculada ao N\u00facleo de Pesquisa, P\u00f3s-Gradua\u00e7\u00e3o e Extens\u00e3o \u2013 NPPGE. A presente revista apresenta oito artigos cient\u00edficos, aprovados pelo Corpo Editorial, composto pelo N\u00facleo Docente Estruturante do Curso de Administra\u00e7\u00e3o, Ci\u00eancias Cont\u00e1beis, Direito e Enfermagem. [&hellip;]<\/p>\n","protected":false},"author":1,"featured_media":0,"parent":0,"menu_order":0,"comment_status":"closed","ping_status":"open","template":"","meta":[],"_links":{"self":[{"href":"https:\/\/femasantarosa.edu.br\/revista\/index.php\/wp-json\/wp\/v2\/pages\/2"}],"collection":[{"href":"https:\/\/femasantarosa.edu.br\/revista\/index.php\/wp-json\/wp\/v2\/pages"}],"about":[{"href":"https:\/\/femasantarosa.edu.br\/revista\/index.php\/wp-json\/wp\/v2\/types\/page"}],"author":[{"embeddable":true,"href":"https:\/\/femasantarosa.edu.br\/revista\/index.php\/wp-json\/wp\/v2\/users\/1"}],"replies":[{"embeddable":true,"href":"https:\/\/femasantarosa.edu.br\/revista\/index.php\/wp-json\/wp\/v2\/comments?post=2"}],"version-history":[{"count":20,"href":"https:\/\/femasantarosa.edu.br\/revista\/index.php\/wp-json\/wp\/v2\/pages\/2\/revisions"}],"predecessor-version":[{"id":238,"href":"https:\/\/femasantarosa.edu.br\/revista\/index.php\/wp-json\/wp\/v2\/pages\/2\/revisions\/238"}],"wp:attachment":[{"href":"https:\/\/femasantarosa.edu.br\/revista\/index.php\/wp-json\/wp\/v2\/media?parent=2"}],"curies":[{"name":"wp","href":"https:\/\/api.w.org\/{rel}","templated":true}]}}