{"id":194,"date":"2022-08-25T16:18:40","date_gmt":"2022-08-25T19:18:40","guid":{"rendered":"https:\/\/femasantarosa.edu.br\/revista\/?page_id=194"},"modified":"2022-08-25T16:20:08","modified_gmt":"2022-08-25T19:20:08","slug":"editoracao-eletronicao","status":"publish","type":"page","link":"https:\/\/femasantarosa.edu.br\/revista\/index.php\/editoracao-eletronicao\/","title":{"rendered":"EDITORA\u00c7\u00c3O ELETR\u00d4NICA"},"content":{"rendered":"\n<p>EDITORA\u00c7\u00c3O ELETR\u00d4NICA: Assessoria de Imprensa<\/p>\n","protected":false},"excerpt":{"rendered":"<p>EDITORA\u00c7\u00c3O ELETR\u00d4NICA: Assessoria de Imprensa<\/p>\n","protected":false},"author":1,"featured_media":0,"parent":0,"menu_order":0,"comment_status":"closed","ping_status":"closed","template":"","meta":[],"_links":{"self":[{"href":"https:\/\/femasantarosa.edu.br\/revista\/index.php\/wp-json\/wp\/v2\/pages\/194"}],"collection":[{"href":"https:\/\/femasantarosa.edu.br\/revista\/index.php\/wp-json\/wp\/v2\/pages"}],"about":[{"href":"https:\/\/femasantarosa.edu.br\/revista\/index.php\/wp-json\/wp\/v2\/types\/page"}],"author":[{"embeddable":true,"href":"https:\/\/femasantarosa.edu.br\/revista\/index.php\/wp-json\/wp\/v2\/users\/1"}],"replies":[{"embeddable":true,"href":"https:\/\/femasantarosa.edu.br\/revista\/index.php\/wp-json\/wp\/v2\/comments?post=194"}],"version-history":[{"count":2,"href":"https:\/\/femasantarosa.edu.br\/revista\/index.php\/wp-json\/wp\/v2\/pages\/194\/revisions"}],"predecessor-version":[{"id":200,"href":"https:\/\/femasantarosa.edu.br\/revista\/index.php\/wp-json\/wp\/v2\/pages\/194\/revisions\/200"}],"wp:attachment":[{"href":"https:\/\/femasantarosa.edu.br\/revista\/index.php\/wp-json\/wp\/v2\/media?parent=194"}],"curies":[{"name":"wp","href":"https:\/\/api.w.org\/{rel}","templated":true}]}}