{"id":13,"date":"2022-07-28T09:19:52","date_gmt":"2022-07-28T12:19:52","guid":{"rendered":"https:\/\/femasantarosa.edu.br\/revista\/?page_id=13"},"modified":"2022-08-03T14:22:37","modified_gmt":"2022-08-03T17:22:37","slug":"sobre","status":"publish","type":"page","link":"https:\/\/femasantarosa.edu.br\/revista\/","title":{"rendered":"SOBRE"},"content":{"rendered":"\n<p><strong>Apresenta\u00e7\u00e3o da Revista<\/strong><strong><\/strong><\/p>\n\n\n\n<p>O N\u00facleo de Pesquisa, P\u00f3s-Gradua\u00e7\u00e3o e Extens\u00e3o \u2013 NPPGE apresenta a <strong>Revista Cient\u00edfica Interdisciplinar<\/strong>&nbsp;das Faculdades Integradas Machado de Assis, com o intuito de compartilhar com os seus leitores contribui\u00e7\u00f5es relativas a pesquisas cient\u00edficas de diferentes \u00e1reas, realizadas no \u00e2mbito da Gradua\u00e7\u00e3o e da P\u00f3s-Gradua\u00e7\u00e3o. A revista \u00e9 uma oportunidade que os acad\u00eamicos e seus orientadores t\u00eam de expor o estudo, apresentando-o para a comunidade interna e externa, al\u00e9m de roborar os Cursos Superiores das Faculdades Integradas Machado de Assis pela apropria\u00e7\u00e3o e pela divulga\u00e7\u00e3o constante do conhecimento.<\/p>\n","protected":false},"excerpt":{"rendered":"<p>Apresenta\u00e7\u00e3o da Revista O N\u00facleo de Pesquisa, P\u00f3s-Gradua\u00e7\u00e3o e Extens\u00e3o \u2013 NPPGE apresenta a Revista Cient\u00edfica Interdisciplinar&nbsp;das Faculdades Integradas Machado de Assis, com o intuito de compartilhar com os seus leitores contribui\u00e7\u00f5es relativas a pesquisas cient\u00edficas de diferentes \u00e1reas, realizadas no \u00e2mbito da Gradua\u00e7\u00e3o e da P\u00f3s-Gradua\u00e7\u00e3o. A revista \u00e9 uma oportunidade que os acad\u00eamicos [&hellip;]<\/p>\n","protected":false},"author":1,"featured_media":0,"parent":0,"menu_order":0,"comment_status":"closed","ping_status":"closed","template":"","meta":[],"_links":{"self":[{"href":"https:\/\/femasantarosa.edu.br\/revista\/index.php\/wp-json\/wp\/v2\/pages\/13"}],"collection":[{"href":"https:\/\/femasantarosa.edu.br\/revista\/index.php\/wp-json\/wp\/v2\/pages"}],"about":[{"href":"https:\/\/femasantarosa.edu.br\/revista\/index.php\/wp-json\/wp\/v2\/types\/page"}],"author":[{"embeddable":true,"href":"https:\/\/femasantarosa.edu.br\/revista\/index.php\/wp-json\/wp\/v2\/users\/1"}],"replies":[{"embeddable":true,"href":"https:\/\/femasantarosa.edu.br\/revista\/index.php\/wp-json\/wp\/v2\/comments?post=13"}],"version-history":[{"count":4,"href":"https:\/\/femasantarosa.edu.br\/revista\/index.php\/wp-json\/wp\/v2\/pages\/13\/revisions"}],"predecessor-version":[{"id":152,"href":"https:\/\/femasantarosa.edu.br\/revista\/index.php\/wp-json\/wp\/v2\/pages\/13\/revisions\/152"}],"wp:attachment":[{"href":"https:\/\/femasantarosa.edu.br\/revista\/index.php\/wp-json\/wp\/v2\/media?parent=13"}],"curies":[{"name":"wp","href":"https:\/\/api.w.org\/{rel}","templated":true}]}}